{"id":68096,"date":"2024-05-13T11:25:15","date_gmt":"2024-05-13T09:25:15","guid":{"rendered":"https:\/\/devim.yves-piller.ch\/rechtliche-hinweise\/"},"modified":"2024-10-29T11:23:20","modified_gmt":"2024-10-29T10:23:20","slug":"rechtliche-hinweise","status":"publish","type":"page","link":"https:\/\/devim.yves-piller.ch\/de\/rechtliche-hinweise\/","title":{"rendered":"Rechtliche Hinweise"},"content":{"rendered":"<p>[et_pb_section fb_built=&#8220;1&#8243; _builder_version=&#8220;4.24.3&#8243; _module_preset=&#8220;default&#8220; custom_margin=&#8220;0px||0px||false|false&#8220; custom_padding=&#8220;0px||0px||false|false&#8220; global_colors_info=&#8220;{}&#8220; theme_builder_area=&#8220;post_content&#8220;][et_pb_row _builder_version=&#8220;4.24.3&#8243; _module_preset=&#8220;default&#8220; global_colors_info=&#8220;{}&#8220; theme_builder_area=&#8220;post_content&#8220;][et_pb_column type=&#8220;4_4&#8243; _builder_version=&#8220;4.24.3&#8243; _module_preset=&#8220;default&#8220; global_colors_info=&#8220;{}&#8220; theme_builder_area=&#8220;post_content&#8220;][et_pb_text _builder_version=&#8220;4.24.3&#8243; _module_preset=&#8220;default&#8220; hover_enabled=&#8220;0&#8243; global_colors_info=&#8220;{}&#8220; theme_builder_area=&#8220;post_content&#8220; sticky_enabled=&#8220;0&#8243;]<\/p>\n<article class=\"item-page\">\n<div class=\"modal-header\">\n<h3><span style=\"color: #000000;\">Information Cookies<\/span><\/h3>\n<\/div>\n<div class=\"modal-body\">\n<p><span style=\"color: #000000;\">Cookies sind kleine Dateien, die von Ihrem Browser auf der Festplatte des Nutzers gespeichert werden, wenn Sie sich auf einer Website anmelden. Cookies k\u00f6nnen verwendet werden, um Informationen \u00fcber Ihr Surfverhalten zu speichern und sind nicht dauerhaft.<\/span><\/p>\n<p><span style=\"color: #000000;\">Es gibt verschiedene Arten von Cookies:<\/span><\/p>\n<ul>\n<li><span style=\"color: #000000;\"><strong>System-Cookies<\/strong>, die dem Nutzer die Navigation erleichtern und die Nutzung verschiedener Internetoptionen oder -dienste erm\u00f6glichen, wie z. B. die Identifizierung der Sitzung, die Genehmigung des Zugangs zu bestimmten gesch\u00fctzten Bereichen, die Optimierung von Bestellungen, das Ausf\u00fcllen von Formularen, die Registrierung, die Sicherheit und die Nutzung bestimmter Funktionen (Videos, soziale Netzwerke usw.).<\/span><\/li>\n<li><span style=\"color: #000000;\"><strong>Service-Cookies<\/strong>, die es dem Nutzer erm\u00f6glichen, auf die Dienste entsprechend seiner Pr\u00e4ferenzen zuzugreifen (Sprache, Browser, Konfiguration, usw.).<\/span><\/li>\n<li><span style=\"color: #000000;\"><strong>Analyse-Cookies<\/strong>, die eine anonyme Analyse des Verhaltens des Nutzers der Website und die Messung seiner Aktivit\u00e4t erm\u00f6glichen, um ein verbessertes Navigationsprofil auf der Website zu entwickeln.<\/span><\/li>\n<\/ul>\n<p><span style=\"color: #000000;\">Wenn Sie also auf unsere Website zugreifen, m\u00fcssen wir Sie gem\u00e4\u00df der Allgemeinen Datenschutzverordnung Nr. 2016\/679 vom 27. April 2016 (DSGVO), die am 25. Mai 2018 in Kraft getreten ist, um Erlaubnis fragen, ob wir diese Cookies verwenden d\u00fcrfen, um unser Dienstleistungsangebot zu verbessern. Wir verwenden Google Analytics, um anonyme statistische Informationen zu sammeln, wie z. B. die Anzahl der Besucher unserer Website. Die von Google Analytics hinzugef\u00fcgten Cookies halten sich an die Datenschutzbestimmungen von Google Analytics. Wenn Sie m\u00f6chten, k\u00f6nnen Sie die Cookies von Google Analytics deaktivieren.<\/span><\/p>\n<p><span style=\"color: #000000;\">Bitte beachten Sie jedoch, dass Sie die Cookies aktivieren oder deaktivieren k\u00f6nnen, indem Sie den Anweisungen Ihres Internetbrowsers folgen.<\/span><\/p>\n<\/div>\n<\/article>\n<p>[\/et_pb_text][\/et_pb_column][\/et_pb_row][\/et_pb_section]<\/p>\n","protected":false},"excerpt":{"rendered":"<p>Information Cookies Cookies sind kleine Dateien, die von Ihrem Browser auf der Festplatte des Nutzers gespeichert werden, wenn Sie sich auf einer Website anmelden. Cookies k\u00f6nnen verwendet werden, um Informationen \u00fcber Ihr Surfverhalten zu speichern und sind nicht dauerhaft. Es gibt verschiedene Arten von Cookies: System-Cookies, die dem Nutzer die Navigation erleichtern und die Nutzung [&hellip;]<\/p>\n","protected":false},"author":1,"featured_media":0,"parent":0,"menu_order":0,"comment_status":"closed","ping_status":"closed","template":"","meta":{"_acf_changed":false,"_et_pb_use_builder":"on","_et_pb_old_content":"","_et_gb_content_width":"","inline_featured_image":false,"footnotes":""},"class_list":["post-68096","page","type-page","status-publish","hentry"],"acf":[],"yoast_head":"<!-- This site is optimized with the Yoast SEO plugin v25.9 - https:\/\/yoast.com\/wordpress\/plugins\/seo\/ -->\n<title>Rechtliche Hinweise - yves-piller.ch<\/title>\n<meta name=\"robots\" content=\"noindex, follow, max-snippet:-1, max-image-preview:large, max-video-preview:-1\" \/>\n<meta property=\"og:locale\" content=\"de_DE\" \/>\n<meta property=\"og:type\" content=\"article\" \/>\n<meta property=\"og:title\" content=\"Rechtliche Hinweise - yves-piller.ch\" \/>\n<meta property=\"og:description\" content=\"Information Cookies Cookies sind kleine Dateien, die von Ihrem Browser auf der Festplatte des Nutzers gespeichert werden, wenn Sie sich auf einer Website anmelden. Cookies k\u00f6nnen verwendet werden, um Informationen \u00fcber Ihr Surfverhalten zu speichern und sind nicht dauerhaft. Es gibt verschiedene Arten von Cookies: System-Cookies, die dem Nutzer die Navigation erleichtern und die Nutzung [&hellip;]\" \/>\n<meta property=\"og:url\" content=\"https:\/\/devim.yves-piller.ch\/de\/rechtliche-hinweise\/\" \/>\n<meta property=\"og:site_name\" content=\"yves-piller.ch\" \/>\n<meta property=\"article:modified_time\" content=\"2024-10-29T10:23:20+00:00\" \/>\n<meta name=\"twitter:card\" content=\"summary_large_image\" \/>\n<meta name=\"twitter:label1\" content=\"Gesch\u00e4tzte Lesezeit\" \/>\n\t<meta name=\"twitter:data1\" content=\"2\u00a0Minuten\" \/>\n<script type=\"application\/ld+json\" class=\"yoast-schema-graph\">{\"@context\":\"https:\/\/schema.org\",\"@graph\":[{\"@type\":\"WebPage\",\"@id\":\"https:\/\/devim.yves-piller.ch\/de\/rechtliche-hinweise\/\",\"url\":\"https:\/\/devim.yves-piller.ch\/de\/rechtliche-hinweise\/\",\"name\":\"Rechtliche Hinweise - yves-piller.ch\",\"isPartOf\":{\"@id\":\"https:\/\/devim.yves-piller.ch\/#website\"},\"datePublished\":\"2024-05-13T09:25:15+00:00\",\"dateModified\":\"2024-10-29T10:23:20+00:00\",\"breadcrumb\":{\"@id\":\"https:\/\/devim.yves-piller.ch\/de\/rechtliche-hinweise\/#breadcrumb\"},\"inLanguage\":\"de\",\"potentialAction\":[{\"@type\":\"ReadAction\",\"target\":[\"https:\/\/devim.yves-piller.ch\/de\/rechtliche-hinweise\/\"]}]},{\"@type\":\"BreadcrumbList\",\"@id\":\"https:\/\/devim.yves-piller.ch\/de\/rechtliche-hinweise\/#breadcrumb\",\"itemListElement\":[{\"@type\":\"ListItem\",\"position\":1,\"name\":\"Accueil\",\"item\":\"https:\/\/devim.yves-piller.ch\/de\/\"},{\"@type\":\"ListItem\",\"position\":2,\"name\":\"Rechtliche Hinweise\"}]},{\"@type\":\"WebSite\",\"@id\":\"https:\/\/devim.yves-piller.ch\/#website\",\"url\":\"https:\/\/devim.yves-piller.ch\/\",\"name\":\"Yves Piller Vieux Bois Suisse Chez Bouby\",\"description\":\"\",\"publisher\":{\"@id\":\"https:\/\/devim.yves-piller.ch\/#organization\"},\"potentialAction\":[{\"@type\":\"SearchAction\",\"target\":{\"@type\":\"EntryPoint\",\"urlTemplate\":\"https:\/\/devim.yves-piller.ch\/?s={search_term_string}\"},\"query-input\":{\"@type\":\"PropertyValueSpecification\",\"valueRequired\":true,\"valueName\":\"search_term_string\"}}],\"inLanguage\":\"de\"},{\"@type\":\"Organization\",\"@id\":\"https:\/\/devim.yves-piller.ch\/#organization\",\"name\":\"Chez Bouby, Yves Piller Vieux Bois Suisse\",\"url\":\"https:\/\/devim.yves-piller.ch\/\",\"logo\":{\"@type\":\"ImageObject\",\"inLanguage\":\"de\",\"@id\":\"https:\/\/devim.yves-piller.ch\/#\/schema\/logo\/image\/\",\"url\":\"https:\/\/devim.yves-piller.ch\/wp-content\/uploads\/2024\/06\/Logo-Chez-Bouby-RVB-1200dpi-copie.jpg\",\"contentUrl\":\"https:\/\/devim.yves-piller.ch\/wp-content\/uploads\/2024\/06\/Logo-Chez-Bouby-RVB-1200dpi-copie.jpg\",\"width\":500,\"height\":302,\"caption\":\"Chez Bouby, Yves Piller Vieux Bois Suisse\"},\"image\":{\"@id\":\"https:\/\/devim.yves-piller.ch\/#\/schema\/logo\/image\/\"}}]}<\/script>\n<!-- \/ Yoast SEO plugin. -->","yoast_head_json":{"title":"Rechtliche Hinweise - yves-piller.ch","robots":{"index":"noindex","follow":"follow","max-snippet":"max-snippet:-1","max-image-preview":"max-image-preview:large","max-video-preview":"max-video-preview:-1"},"og_locale":"de_DE","og_type":"article","og_title":"Rechtliche Hinweise - yves-piller.ch","og_description":"Information Cookies Cookies sind kleine Dateien, die von Ihrem Browser auf der Festplatte des Nutzers gespeichert werden, wenn Sie sich auf einer Website anmelden. Cookies k\u00f6nnen verwendet werden, um Informationen \u00fcber Ihr Surfverhalten zu speichern und sind nicht dauerhaft. Es gibt verschiedene Arten von Cookies: System-Cookies, die dem Nutzer die Navigation erleichtern und die Nutzung [&hellip;]","og_url":"https:\/\/devim.yves-piller.ch\/de\/rechtliche-hinweise\/","og_site_name":"yves-piller.ch","article_modified_time":"2024-10-29T10:23:20+00:00","twitter_card":"summary_large_image","twitter_misc":{"Gesch\u00e4tzte Lesezeit":"2\u00a0Minuten"},"schema":{"@context":"https:\/\/schema.org","@graph":[{"@type":"WebPage","@id":"https:\/\/devim.yves-piller.ch\/de\/rechtliche-hinweise\/","url":"https:\/\/devim.yves-piller.ch\/de\/rechtliche-hinweise\/","name":"Rechtliche Hinweise - yves-piller.ch","isPartOf":{"@id":"https:\/\/devim.yves-piller.ch\/#website"},"datePublished":"2024-05-13T09:25:15+00:00","dateModified":"2024-10-29T10:23:20+00:00","breadcrumb":{"@id":"https:\/\/devim.yves-piller.ch\/de\/rechtliche-hinweise\/#breadcrumb"},"inLanguage":"de","potentialAction":[{"@type":"ReadAction","target":["https:\/\/devim.yves-piller.ch\/de\/rechtliche-hinweise\/"]}]},{"@type":"BreadcrumbList","@id":"https:\/\/devim.yves-piller.ch\/de\/rechtliche-hinweise\/#breadcrumb","itemListElement":[{"@type":"ListItem","position":1,"name":"Accueil","item":"https:\/\/devim.yves-piller.ch\/de\/"},{"@type":"ListItem","position":2,"name":"Rechtliche Hinweise"}]},{"@type":"WebSite","@id":"https:\/\/devim.yves-piller.ch\/#website","url":"https:\/\/devim.yves-piller.ch\/","name":"Yves Piller Vieux Bois Suisse Chez Bouby","description":"","publisher":{"@id":"https:\/\/devim.yves-piller.ch\/#organization"},"potentialAction":[{"@type":"SearchAction","target":{"@type":"EntryPoint","urlTemplate":"https:\/\/devim.yves-piller.ch\/?s={search_term_string}"},"query-input":{"@type":"PropertyValueSpecification","valueRequired":true,"valueName":"search_term_string"}}],"inLanguage":"de"},{"@type":"Organization","@id":"https:\/\/devim.yves-piller.ch\/#organization","name":"Chez Bouby, Yves Piller Vieux Bois Suisse","url":"https:\/\/devim.yves-piller.ch\/","logo":{"@type":"ImageObject","inLanguage":"de","@id":"https:\/\/devim.yves-piller.ch\/#\/schema\/logo\/image\/","url":"https:\/\/devim.yves-piller.ch\/wp-content\/uploads\/2024\/06\/Logo-Chez-Bouby-RVB-1200dpi-copie.jpg","contentUrl":"https:\/\/devim.yves-piller.ch\/wp-content\/uploads\/2024\/06\/Logo-Chez-Bouby-RVB-1200dpi-copie.jpg","width":500,"height":302,"caption":"Chez Bouby, Yves Piller Vieux Bois Suisse"},"image":{"@id":"https:\/\/devim.yves-piller.ch\/#\/schema\/logo\/image\/"}}]}},"_links":{"self":[{"href":"https:\/\/devim.yves-piller.ch\/de\/wp-json\/wp\/v2\/pages\/68096","targetHints":{"allow":["GET"]}}],"collection":[{"href":"https:\/\/devim.yves-piller.ch\/de\/wp-json\/wp\/v2\/pages"}],"about":[{"href":"https:\/\/devim.yves-piller.ch\/de\/wp-json\/wp\/v2\/types\/page"}],"author":[{"embeddable":true,"href":"https:\/\/devim.yves-piller.ch\/de\/wp-json\/wp\/v2\/users\/1"}],"replies":[{"embeddable":true,"href":"https:\/\/devim.yves-piller.ch\/de\/wp-json\/wp\/v2\/comments?post=68096"}],"version-history":[{"count":11,"href":"https:\/\/devim.yves-piller.ch\/de\/wp-json\/wp\/v2\/pages\/68096\/revisions"}],"predecessor-version":[{"id":68108,"href":"https:\/\/devim.yves-piller.ch\/de\/wp-json\/wp\/v2\/pages\/68096\/revisions\/68108"}],"wp:attachment":[{"href":"https:\/\/devim.yves-piller.ch\/de\/wp-json\/wp\/v2\/media?parent=68096"}],"curies":[{"name":"wp","href":"https:\/\/api.w.org\/{rel}","templated":true}]}}